{"id":39,"date":"2025-10-22T14:23:52","date_gmt":"2025-10-22T14:23:52","guid":{"rendered":"http:\/\/calvairesetoratoires.org\/?page_id=39"},"modified":"2026-02-19T09:24:26","modified_gmt":"2026-02-19T09:24:26","slug":"rejoignez-nous-soutenez-nous","status":"publish","type":"page","link":"https:\/\/calvairesetoratoires.org\/index.php\/rejoignez-nous-soutenez-nous\/","title":{"rendered":"Rejoignez-nous, soutenez-nous !"},"content":{"rendered":"\n<figure class=\"wp-block-image size-full\"><img loading=\"lazy\" decoding=\"async\" width=\"600\" height=\"799\" src=\"https:\/\/calvairesetoratoires.org\/wp-content\/uploads\/2025\/10\/NDDELAPAIX.jpg\" alt=\"\" class=\"wp-image-63\" srcset=\"https:\/\/calvairesetoratoires.org\/wp-content\/uploads\/2025\/10\/NDDELAPAIX.jpg 600w, https:\/\/calvairesetoratoires.org\/wp-content\/uploads\/2025\/10\/NDDELAPAIX-225x300.jpg 225w\" sizes=\"auto, (max-width: 600px) 100vw, 600px\" \/><\/figure>\n\n\n\n<p><em>Notre-Dame de France, Reine de la Paix<\/em><\/p>\n\n\n\n<p><\/p>\n\n\n\n<p>Pour nous <strong>rejoindre<\/strong> (ou tout simplement pour nous <strong>soutenir<\/strong>), vous pouvez adh\u00e9rer \u00e0 l&rsquo;association :<\/p>\n\n\n\n<figure class=\"wp-block-image size-large\"><img loading=\"lazy\" decoding=\"async\" width=\"1024\" height=\"991\" src=\"https:\/\/calvairesetoratoires.org\/wp-content\/uploads\/2026\/02\/Cotications-CO-1024x991.jpg\" alt=\"\" class=\"wp-image-91\" srcset=\"https:\/\/calvairesetoratoires.org\/wp-content\/uploads\/2026\/02\/Cotications-CO-1024x991.jpg 1024w, https:\/\/calvairesetoratoires.org\/wp-content\/uploads\/2026\/02\/Cotications-CO-300x290.jpg 300w, https:\/\/calvairesetoratoires.org\/wp-content\/uploads\/2026\/02\/Cotications-CO-768x744.jpg 768w, https:\/\/calvairesetoratoires.org\/wp-content\/uploads\/2026\/02\/Cotications-CO-1536x1487.jpg 1536w, https:\/\/calvairesetoratoires.org\/wp-content\/uploads\/2026\/02\/Cotications-CO.jpg 1634w\" sizes=\"auto, (max-width: 1024px) 100vw, 1024px\" \/><figcaption class=\"wp-element-caption\">Screenshot<\/figcaption><\/figure>\n\n\n\n<p>Vous pouvez aussi faire un <strong>DON D\u00c9FISCALIS\u00c9<\/strong> pour poursuivre l&rsquo;entretien des oratoires et des croix de la for\u00eat de Saint-Germain :<a href=\"https:\/\/don.soscalvaires.org\/croix-saint-germain-en-laye\">ICI <\/a><\/p>\n\n\n\n<p><\/p>\n\n\n\n<figure class=\"wp-block-image size-large\"><img loading=\"lazy\" decoding=\"async\" width=\"576\" height=\"1024\" src=\"https:\/\/calvairesetoratoires.org\/wp-content\/uploads\/2025\/12\/Croix-Saint-Simon-576x1024.jpg\" alt=\"\" class=\"wp-image-79\" srcset=\"https:\/\/calvairesetoratoires.org\/wp-content\/uploads\/2025\/12\/Croix-Saint-Simon-576x1024.jpg 576w, https:\/\/calvairesetoratoires.org\/wp-content\/uploads\/2025\/12\/Croix-Saint-Simon-169x300.jpg 169w, https:\/\/calvairesetoratoires.org\/wp-content\/uploads\/2025\/12\/Croix-Saint-Simon-768x1365.jpg 768w, https:\/\/calvairesetoratoires.org\/wp-content\/uploads\/2025\/12\/Croix-Saint-Simon-864x1536.jpg 864w, https:\/\/calvairesetoratoires.org\/wp-content\/uploads\/2025\/12\/Croix-Saint-Simon-1152x2048.jpg 1152w, https:\/\/calvairesetoratoires.org\/wp-content\/uploads\/2025\/12\/Croix-Saint-Simon-scaled.jpg 1440w\" sizes=\"auto, (max-width: 576px) 100vw, 576px\" \/><\/figure>\n\n\n\n<p>Pour toute demande d&rsquo;information, merci de contacter :<\/p>\n\n\n\n<p><strong>contact@calvairesetoratoires.org   <\/strong><\/p>\n\n\n\n<p><\/p>\n","protected":false},"excerpt":{"rendered":"<p>Notre-Dame de France, Reine de la Paix Pour nous rejoindre (ou tout simplement pour nous soutenir), vous pouvez adh\u00e9rer \u00e0 l&rsquo;association : Vous pouvez aussi faire un DON D\u00c9FISCALIS\u00c9 pour poursuivre l&rsquo;entretien des oratoires et des croix de la for\u00eat de Saint-Germain :ICI Pour toute demande d&rsquo;information, merci de contacter : contact@calvairesetoratoires.org<\/p>\n","protected":false},"author":1,"featured_media":0,"parent":0,"menu_order":0,"comment_status":"closed","ping_status":"closed","template":"","meta":{"footnotes":""},"class_list":["post-39","page","type-page","status-publish","hentry"],"_links":{"self":[{"href":"https:\/\/calvairesetoratoires.org\/index.php\/wp-json\/wp\/v2\/pages\/39","targetHints":{"allow":["GET"]}}],"collection":[{"href":"https:\/\/calvairesetoratoires.org\/index.php\/wp-json\/wp\/v2\/pages"}],"about":[{"href":"https:\/\/calvairesetoratoires.org\/index.php\/wp-json\/wp\/v2\/types\/page"}],"author":[{"embeddable":true,"href":"https:\/\/calvairesetoratoires.org\/index.php\/wp-json\/wp\/v2\/users\/1"}],"replies":[{"embeddable":true,"href":"https:\/\/calvairesetoratoires.org\/index.php\/wp-json\/wp\/v2\/comments?post=39"}],"version-history":[{"count":15,"href":"https:\/\/calvairesetoratoires.org\/index.php\/wp-json\/wp\/v2\/pages\/39\/revisions"}],"predecessor-version":[{"id":92,"href":"https:\/\/calvairesetoratoires.org\/index.php\/wp-json\/wp\/v2\/pages\/39\/revisions\/92"}],"wp:attachment":[{"href":"https:\/\/calvairesetoratoires.org\/index.php\/wp-json\/wp\/v2\/media?parent=39"}],"curies":[{"name":"wp","href":"https:\/\/api.w.org\/{rel}","templated":true}]}}